{"id":331933,"date":"2021-06-11T14:27:12","date_gmt":"2021-06-11T14:27:12","guid":{"rendered":"https:\/\/diastolegroup.com\/?page_id=331933"},"modified":"2021-06-11T18:36:49","modified_gmt":"2021-06-11T18:36:49","slug":"blog","status":"publish","type":"page","link":"https:\/\/diastolegroup.com\/en\/blog\/","title":{"rendered":"Blog"},"content":{"rendered":"<p>[et_pb_section fb_built=\u00bb1&#8243; make_equal=\u00bbon\u00bb use_custom_gutter=\u00bbon\u00bb gutter_width=\u00bb1&#8243; specialty=\u00bbon\u00bb background_color_2=\u00bb#ffffff\u00bb bg_img_1=\u00bbhttps:\/\/diastolegroup.com\/wp-content\/uploads\/2021\/06\/blog.jpeg\u00bb admin_label=\u00bbHeader\u00bb _builder_version=\u00bb4.9.6&#8243; use_background_color_gradient=\u00bbon\u00bb background_color_gradient_start=\u00bb#d1101d\u00bb background_color_gradient_end=\u00bb#ffffff\u00bb background_color_gradient_start_position=\u00bb50%\u00bb background_color_gradient_end_position=\u00bb0%\u00bb custom_padding=\u00bb0px||0px|||\u00bb da_disable_devices=\u00bboff|off|off\u00bb da_is_popup=\u00bboff\u00bb da_exit_intent=\u00bboff\u00bb da_has_close=\u00bbon\u00bb da_alt_close=\u00bboff\u00bb da_dark_close=\u00bboff\u00bb da_not_modal=\u00bbon\u00bb da_is_singular=\u00bboff\u00bb da_with_loader=\u00bboff\u00bb da_has_shadow=\u00bbon\u00bb][et_pb_column type=\u00bb1_3&#8243; _builder_version=\u00bb3.25&#8243; custom_padding=\u00bb|||\u00bb custom_padding__hover=\u00bb|||\u00bb][et_pb_divider show_divider=\u00bboff\u00bb _builder_version=\u00bb4.0.8&#8243; height=\u00bb0px\u00bb height_tablet=\u00bb20vw\u00bb height_phone=\u00bb20vw\u00bb height_last_edited=\u00bbon|phone\u00bb][\/et_pb_divider][\/et_pb_column][et_pb_column type=\u00bb2_3&#8243; specialty_columns=\u00bb2&#8243; _builder_version=\u00bb3.25&#8243; custom_padding=\u00bb|||\u00bb custom_padding__hover=\u00bb|||\u00bb][et_pb_row_inner custom_padding_last_edited=\u00bbon|tablet\u00bb _builder_version=\u00bb4.0.8&#8243; z_index=\u00bb10&#8243; custom_padding=\u00bb4vw|60px|4vw|60px|true|true\u00bb custom_padding_tablet=\u00bb|40px|8vw|40px|false|true\u00bb custom_padding_phone=\u00bb|20px||20px|false|true\u00bb box_shadow_style=\u00bbpreset4&#8243; box_shadow_horizontal=\u00bb30vw\u00bb box_shadow_vertical=\u00bb0px\u00bb box_shadow_color=\u00bb#ffffff\u00bb][et_pb_column_inner saved_specialty_column_type=\u00bb2_3&#8243; _builder_version=\u00bb4.0.7&#8243;][et_pb_text _builder_version=\u00bb4.9.6&#8243; text_font=\u00bbCabin||||||||\u00bb text_text_color=\u00bbrgba(85,101,112,0.8)\u00bb text_font_size=\u00bb16px\u00bb text_line_height=\u00bb1.8em\u00bb header_font=\u00bbPlayfair Display|700|||||||\u00bb header_text_align=\u00bbleft\u00bb header_text_color=\u00bb#002d4c\u00bb header_font_size=\u00bb55px\u00bb header_line_height=\u00bb1.1em\u00bb header_3_font=\u00bbCabin|700||on|||||\u00bb header_3_text_color=\u00bb#a5a5a5&#8243; header_3_font_size=\u00bb13px\u00bb header_3_letter_spacing=\u00bb3px\u00bb header_3_line_height=\u00bb1.4em\u00bb max_width=\u00bb36vw\u00bb max_width_tablet=\u00bb90%\u00bb max_width_phone=\u00bb100%\u00bb max_width_last_edited=\u00bbon|tablet\u00bb custom_margin=\u00bb||||false|false\u00bb text_font_size_tablet=\u00bb15px\u00bb text_font_size_phone=\u00bb14px\u00bb text_font_size_last_edited=\u00bbon|phone\u00bb header_font_size_tablet=\u00bb52px\u00bb header_font_size_phone=\u00bb38px\u00bb header_font_size_last_edited=\u00bbon|desktop\u00bb locked=\u00bboff\u00bb]<\/p>\n<h3 style=\"text-align: justify;\">Blog<\/h3>\n<h1 style=\"text-align: justify;\">Comunicaciones<\/h1>\n<h1 style=\"text-align: justify;\">RRPP &#8211; Marketing y m\u00e1s.<\/h1>\n<p style=\"text-align: justify;\">\u00a0<\/p>\n<p style=\"text-align: justify;\">En nuestro Di\u00e1stole blog podr\u00e1s encontrar diferentes tem\u00e1ticas, platicaremos sobre temas de la actualidad, tendencias en el mercado, consejos y tips, explicaci\u00f3n de conceptos y mucha m\u00e1s informaci\u00f3n que sabemos puede ser de provecho para ti, todo esto por supuesto relacionado al \u00e1mbito de las comunicaciones.<\/p>\n<p>[\/et_pb_text][\/et_pb_column_inner][\/et_pb_row_inner][et_pb_row_inner make_equal=\u00bbon\u00bb _builder_version=\u00bb4.0.8&#8243; custom_padding=\u00bb0px||0px||true|false\u00bb][et_pb_column_inner saved_specialty_column_type=\u00bb2_3&#8243; _builder_version=\u00bb4.0.8&#8243;][et_pb_button button_text=\u00bbSubscr\u00edbete a nuestro Newsletter\u00bb button_alignment=\u00bbleft\u00bb _builder_version=\u00bb4.9.6&#8243; custom_button=\u00bbon\u00bb button_text_size=\u00bb16px\u00bb button_bg_color=\u00bb#d1101d\u00bb button_border_width=\u00bb0px\u00bb button_border_radius=\u00bb0px\u00bb button_letter_spacing=\u00bb1px\u00bb button_font=\u00bbCabin|700||on|||||\u00bb background_layout=\u00bbdark\u00bb custom_padding=\u00bb104px|20px|32px|20px|false|true\u00bb custom_padding_tablet=\u00bb56px||56px||true|true\u00bb custom_padding_phone=\u00bb24px||24px||true|true\u00bb custom_padding_last_edited=\u00bbon|phone\u00bb][\/et_pb_button][\/et_pb_column_inner][\/et_pb_row_inner][\/et_pb_column][\/et_pb_section][et_pb_section fb_built=\u00bb1&#8243; admin_label=\u00bbSection\u00bb _builder_version=\u00bb4.0.8&#8243; custom_padding=\u00bb||0px|||\u00bb da_disable_devices=\u00bboff|off|off\u00bb da_is_popup=\u00bboff\u00bb da_exit_intent=\u00bboff\u00bb da_has_close=\u00bbon\u00bb da_alt_close=\u00bboff\u00bb da_dark_close=\u00bboff\u00bb da_not_modal=\u00bbon\u00bb da_is_singular=\u00bboff\u00bb da_with_loader=\u00bboff\u00bb da_has_shadow=\u00bbon\u00bb][et_pb_row _builder_version=\u00bb4.0.8&#8243; width=\u00bb40%\u00bb width_tablet=\u00bb80%\u00bb width_phone=\u00bb\u00bb width_last_edited=\u00bbon|tablet\u00bb module_alignment=\u00bbright\u00bb custom_margin=\u00bb-8vw|auto||auto|false|false\u00bb module_alignment_tablet=\u00bbcenter\u00bb module_alignment_phone=\u00bb\u00bb module_alignment_last_edited=\u00bbon|tablet\u00bb][et_pb_column type=\u00bb4_4&#8243; _builder_version=\u00bb4.0.8&#8243;][et_pb_image src=\u00bbhttps:\/\/diastolegroup.com\/wp-content\/uploads\/2021\/06\/Blog.png\u00bb alt=\u00bbBlog\u00bb title_text=\u00bbBlog\u00bb _builder_version=\u00bb4.9.6&#8243;][\/et_pb_image][\/et_pb_column][\/et_pb_row][\/et_pb_section][et_pb_section fb_built=\u00bb1&#8243; admin_label=\u00bbBlog\u00bb _builder_version=\u00bb4.0.8&#8243; use_background_color_gradient=\u00bbon\u00bb background_color_gradient_start=\u00bb#f6f7f8&#8243; background_color_gradient_end=\u00bb#ffffff\u00bb background_color_gradient_direction=\u00bb90deg\u00bb background_color_gradient_start_position=\u00bb50%\u00bb background_color_gradient_end_position=\u00bb50%\u00bb custom_padding=\u00bb||||false|false\u00bb background_last_edited=\u00bbon|phone\u00bb background_color_gradient_start_position_tablet=\u00bb75%\u00bb background_color_gradient_start_position_phone=\u00bb80%\u00bb da_disable_devices=\u00bboff|off|off\u00bb locked=\u00bboff\u00bb da_is_popup=\u00bboff\u00bb da_exit_intent=\u00bboff\u00bb da_has_close=\u00bbon\u00bb da_alt_close=\u00bboff\u00bb da_dark_close=\u00bboff\u00bb da_not_modal=\u00bbon\u00bb da_is_singular=\u00bboff\u00bb da_with_loader=\u00bboff\u00bb da_has_shadow=\u00bbon\u00bb][et_pb_row _builder_version=\u00bb4.0.7&#8243;][et_pb_column type=\u00bb4_4&#8243; _builder_version=\u00bb4.0.7&#8243;][et_pb_blog fullwidth=\u00bboff\u00bb posts_number=\u00bb6&#8243; include_categories=\u00bball\u00bb show_more=\u00bbon\u00bb show_author=\u00bboff\u00bb show_date=\u00bboff\u00bb _builder_version=\u00bb4.9.6&#8243; header_font=\u00bbPlayfair Display|700|||||||\u00bb header_text_color=\u00bb#002d4c\u00bb header_line_height=\u00bb1.4em\u00bb body_font=\u00bbCabin||||||||\u00bb body_text_color=\u00bbrgba(85,101,112,0.8)\u00bb body_line_height=\u00bb1.8em\u00bb meta_font=\u00bbCabin|700||on|||||\u00bb meta_text_color=\u00bb#bd8f52&#8243; meta_font_size=\u00bb11px\u00bb meta_letter_spacing=\u00bb2px\u00bb pagination_font=\u00bbCabin|700||on|||||\u00bb pagination_text_color=\u00bb#bd8f52&#8243; pagination_letter_spacing=\u00bb1px\u00bb hover_enabled=\u00bb0&#8243; body_font_size_tablet=\u00bb15px\u00bb body_font_size_phone=\u00bb14px\u00bb body_font_size_last_edited=\u00bboff|desktop\u00bb custom_css_featured_image=\u00bbmargin: -40px 0 0;\u00bb border_width_all=\u00bb0px\u00bb box_shadow_style_image=\u00bbpreset3&#8243; box_shadow_vertical_image=\u00bb40px\u00bb box_shadow_blur_image=\u00bb80px\u00bb box_shadow_spread_image=\u00bb-10px\u00bb box_shadow_color_image=\u00bbrgba(85,101,112,0.47)\u00bb body_text_color__hover=\u00bb#ffffff\u00bb body_text_color__hover_enabled=\u00bboff|desktop\u00bb sticky_enabled=\u00bb0&#8243;][\/et_pb_blog][\/et_pb_column][\/et_pb_row][\/et_pb_section][et_pb_section fb_built=\u00bb1&#8243; admin_label=\u00bbNewsletter\u00bb _builder_version=\u00bb4.0.8&#8243; custom_padding=\u00bb||100px|||\u00bb da_disable_devices=\u00bboff|off|off\u00bb da_is_popup=\u00bboff\u00bb da_exit_intent=\u00bboff\u00bb da_has_close=\u00bbon\u00bb da_alt_close=\u00bboff\u00bb da_dark_close=\u00bboff\u00bb da_not_modal=\u00bbon\u00bb da_is_singular=\u00bboff\u00bb da_with_loader=\u00bboff\u00bb da_has_shadow=\u00bbon\u00bb][et_pb_row column_structure=\u00bb1_2,1_2&#8243; make_equal=\u00bbon\u00bb custom_padding_last_edited=\u00bbon|phone\u00bb _builder_version=\u00bb4.0.8&#8243; custom_padding=\u00bb60px|40px|60px|40px|true|true\u00bb custom_padding_tablet=\u00bb|30px||30px|true|true\u00bb custom_padding_phone=\u00bb20px|20px|20px|20px|true|true\u00bb border_width_all=\u00bb1px\u00bb border_color_all=\u00bbrgba(85,101,112,0.2)\u00bb locked=\u00bboff\u00bb][et_pb_column type=\u00bb1_2&#8243; _builder_version=\u00bb4.0.8&#8243;][et_pb_text _builder_version=\u00bb4.9.6&#8243; text_font=\u00bbCabin||||||||\u00bb text_text_color=\u00bbrgba(85,101,112,0.8)\u00bb text_font_size=\u00bb16px\u00bb text_line_height=\u00bb1.8em\u00bb header_2_font=\u00bbPlayfair Display|700|||||||\u00bb header_2_text_color=\u00bb#002d4c\u00bb header_2_font_size=\u00bb56px\u00bb header_2_line_height=\u00bb1.1em\u00bb header_3_font=\u00bbCabin|700||on|||||\u00bb header_3_text_color=\u00bb#bd8f52&#8243; header_3_font_size=\u00bb13px\u00bb header_3_letter_spacing=\u00bb3px\u00bb header_3_line_height=\u00bb1.4em\u00bb max_width_tablet=\u00bb90%\u00bb max_width_phone=\u00bb100%\u00bb max_width_last_edited=\u00bboff|desktop\u00bb custom_margin=\u00bb|0px|||false|false\u00bb text_font_size_tablet=\u00bb15px\u00bb text_font_size_phone=\u00bb14px\u00bb text_font_size_last_edited=\u00bbon|phone\u00bb header_2_font_size_tablet=\u00bb44px\u00bb header_2_font_size_phone=\u00bb32px\u00bb header_2_font_size_last_edited=\u00bbon|tablet\u00bb locked=\u00bboff\u00bb header_2_2_font_size_phone=\u00bb32px\u00bb header_3_2_font_size_phone=\u00bb32px\u00bb header_4_2_font_size_phone=\u00bb32px\u00bb header_5_2_font_size_phone=\u00bb32px\u00bb header_6_2_font_size_phone=\u00bb32px\u00bb header_2_2_font_size_tablet=\u00bb44px\u00bb header_3_2_font_size_tablet=\u00bb44px\u00bb header_4_2_font_size_tablet=\u00bb44px\u00bb header_5_2_font_size_tablet=\u00bb44px\u00bb header_6_2_font_size_tablet=\u00bb44px\u00bb header_2_2_font_size_last_edited=\u00bbon|tablet\u00bb header_3_2_font_size_last_edited=\u00bbon|tablet\u00bb header_4_2_font_size_last_edited=\u00bbon|tablet\u00bb header_5_2_font_size_last_edited=\u00bbon|tablet\u00bb header_6_2_font_size_last_edited=\u00bbon|tablet\u00bb]<\/p>\n<h3><\/h3>\n<h2>Newsletter<\/h2>\n<p>\u00bfQuieres estar al d\u00eda con todas nuestras publicaciones?<\/p>\n<p>Te invitamos a que te inscribas al newsletter para estar al d\u00eda con todas las publicaciones que vamos desarrollando semana a semana y te mantengas actualizado con lo \u00faltimo en las comunicaciones.<\/p>\n<p>[\/et_pb_text][\/et_pb_column][et_pb_column type=\u00bb1_2&#8243; _builder_version=\u00bb4.0.8&#8243;][et_pb_signup mailchimp_list=\u00bbelegantthemestest|1ea2bbd026&#8243; layout=\u00bbtop_bottom\u00bb name_field=\u00bbon\u00bb _builder_version=\u00bb4.9.6&#8243; form_field_background_color=\u00bb#f6f7f8&#8243; form_field_text_color=\u00bb#556570&#8243; form_field_focus_text_color=\u00bb#002d4c\u00bb form_field_custom_margin=\u00bb||10px||false|false\u00bb form_field_custom_padding=\u00bb20px|20px|20px|20px|true|true\u00bb form_field_font=\u00bbCabin|600|||||||\u00bb form_field_font_size=\u00bb15px\u00bb use_background_color=\u00bboff\u00bb custom_button=\u00bbon\u00bb button_text_size=\u00bb13px\u00bb button_text_color=\u00bb#FFFFFF\u00bb button_bg_color=\u00bb#a81515&#8243; button_border_width=\u00bb2px\u00bb button_border_color=\u00bb#b78448&#8243; button_border_radius=\u00bb0px\u00bb button_letter_spacing=\u00bb2px\u00bb button_font=\u00bbCabin|600||on|||||\u00bb button_use_icon=\u00bboff\u00bb button_custom_margin=\u00bb10px||||false|false\u00bb button_custom_padding=\u00bb16px|24px|16px|24px|true|true\u00bb button_custom_padding_tablet=\u00bb||||false|true\u00bb button_custom_padding_phone=\u00bb24px||24px||true|true\u00bb button_custom_padding_last_edited=\u00bboff|tablet\u00bb background_layout=\u00bblight\u00bb box_shadow_style_button=\u00bbpreset7&#8243; box_shadow_horizontal_button=\u00bb0px\u00bb box_shadow_vertical_button=\u00bb0px\u00bb box_shadow_spread_button=\u00bb2px\u00bb box_shadow_color_button=\u00bb#ffffff\u00bb button_border_color__hover=\u00bb#d1d1d1&#8243; button_border_color__hover_enabled=\u00bbon|desktop\u00bb box_shadow_spread_button__hover=\u00bb6px\u00bb box_shadow_spread_button__hover_enabled=\u00bbon|desktop\u00bb][\/et_pb_signup][\/et_pb_column][\/et_pb_row][\/et_pb_section]<\/p>\n","protected":false},"excerpt":{"rendered":"<p>Blog Comunicaciones RRPP &#8211; Marketing y m\u00e1s. \u00a0 En nuestro Di\u00e1stole blog podr\u00e1s encontrar diferentes tem\u00e1ticas, platicaremos sobre temas de la actualidad, tendencias en el mercado, consejos y tips, explicaci\u00f3n de conceptos y mucha m\u00e1s informaci\u00f3n que sabemos puede ser de provecho para ti, todo esto por supuesto relacionado al \u00e1mbito de las comunicaciones. Newsletter [&hellip;]<\/p>\n","protected":false},"author":1,"featured_media":0,"parent":0,"menu_order":0,"comment_status":"closed","ping_status":"closed","template":"","meta":{"_et_pb_use_builder":"on","_et_pb_old_content":"","_et_gb_content_width":"","footnotes":""},"class_list":["post-331933","page","type-page","status-publish","hentry"],"yoast_head":"<!-- This site is optimized with the Yoast SEO plugin v27.4 - https:\/\/yoast.com\/product\/yoast-seo-wordpress\/ -->\n<title>Blog | Di\u00e1stole Comunicaciones<\/title>\n<meta name=\"robots\" content=\"index, follow, max-snippet:-1, max-image-preview:large, max-video-preview:-1\" \/>\n<link rel=\"canonical\" href=\"https:\/\/diastolegroup.com\/en\/blog\/\" \/>\n<meta property=\"og:locale\" content=\"en_US\" \/>\n<meta property=\"og:type\" content=\"article\" \/>\n<meta property=\"og:title\" content=\"Blog | Di\u00e1stole Comunicaciones\" \/>\n<meta property=\"og:description\" content=\"Blog Comunicaciones RRPP - Marketing y m\u00e1s. \u00a0 En nuestro Di\u00e1stole blog podr\u00e1s encontrar diferentes tem\u00e1ticas, platicaremos sobre temas de la actualidad, tendencias en el mercado, consejos y tips, explicaci\u00f3n de conceptos y mucha m\u00e1s informaci\u00f3n que sabemos puede ser de provecho para ti, todo esto por supuesto relacionado al \u00e1mbito de las comunicaciones. Newsletter [&hellip;]\" \/>\n<meta property=\"og:url\" content=\"https:\/\/diastolegroup.com\/en\/blog\/\" \/>\n<meta property=\"og:site_name\" content=\"Di\u00e1stole Comunicaciones\" \/>\n<meta property=\"article:publisher\" content=\"https:\/\/facebook.com\/diastolegroup\" \/>\n<meta property=\"article:modified_time\" content=\"2021-06-11T18:36:49+00:00\" \/>\n<meta property=\"og:image\" content=\"https:\/\/diastolegroup.com\/wp-content\/uploads\/2021\/08\/Logo-Diastole-Slogan-Blanco-2.png\" \/>\n\t<meta property=\"og:image:width\" content=\"557\" \/>\n\t<meta property=\"og:image:height\" content=\"640\" \/>\n\t<meta property=\"og:image:type\" content=\"image\/png\" \/>\n<meta name=\"twitter:card\" content=\"summary_large_image\" \/>\n<meta name=\"twitter:label1\" content=\"Est. reading time\" \/>\n\t<meta name=\"twitter:data1\" content=\"7 minutes\" \/>\n<script type=\"application\/ld+json\" class=\"yoast-schema-graph\">{\"@context\":\"https:\\\/\\\/schema.org\",\"@graph\":[{\"@type\":\"WebPage\",\"@id\":\"https:\\\/\\\/diastolegroup.com\\\/blog\\\/\",\"url\":\"https:\\\/\\\/diastolegroup.com\\\/blog\\\/\",\"name\":\"Blog | Di\u00e1stole Comunicaciones\",\"isPartOf\":{\"@id\":\"https:\\\/\\\/diastolegroup.com\\\/#website\"},\"datePublished\":\"2021-06-11T14:27:12+00:00\",\"dateModified\":\"2021-06-11T18:36:49+00:00\",\"breadcrumb\":{\"@id\":\"https:\\\/\\\/diastolegroup.com\\\/blog\\\/#breadcrumb\"},\"inLanguage\":\"en-US\",\"potentialAction\":[{\"@type\":\"ReadAction\",\"target\":[\"https:\\\/\\\/diastolegroup.com\\\/blog\\\/\"]}]},{\"@type\":\"BreadcrumbList\",\"@id\":\"https:\\\/\\\/diastolegroup.com\\\/blog\\\/#breadcrumb\",\"itemListElement\":[{\"@type\":\"ListItem\",\"position\":1,\"name\":\"Portada\",\"item\":\"https:\\\/\\\/diastolegroup.com\\\/\"},{\"@type\":\"ListItem\",\"position\":2,\"name\":\"Blog\"}]},{\"@type\":\"WebSite\",\"@id\":\"https:\\\/\\\/diastolegroup.com\\\/#website\",\"url\":\"https:\\\/\\\/diastolegroup.com\\\/\",\"name\":\"Di\u00e1stole Comunicaciones\",\"description\":\"Agencia de comunicaciones y marketing.\",\"publisher\":{\"@id\":\"https:\\\/\\\/diastolegroup.com\\\/#organization\"},\"potentialAction\":[{\"@type\":\"SearchAction\",\"target\":{\"@type\":\"EntryPoint\",\"urlTemplate\":\"https:\\\/\\\/diastolegroup.com\\\/?s={search_term_string}\"},\"query-input\":{\"@type\":\"PropertyValueSpecification\",\"valueRequired\":true,\"valueName\":\"search_term_string\"}}],\"inLanguage\":\"en-US\"},{\"@type\":\"Organization\",\"@id\":\"https:\\\/\\\/diastolegroup.com\\\/#organization\",\"name\":\"Di\u00e1stole Comunicaciones\",\"url\":\"https:\\\/\\\/diastolegroup.com\\\/\",\"logo\":{\"@type\":\"ImageObject\",\"inLanguage\":\"en-US\",\"@id\":\"https:\\\/\\\/diastolegroup.com\\\/#\\\/schema\\\/logo\\\/image\\\/\",\"url\":\"https:\\\/\\\/diastolegroup.com\\\/wp-content\\\/uploads\\\/2021\\\/08\\\/Logo-Diastole-Slogan-Blanco-2.png\",\"contentUrl\":\"https:\\\/\\\/diastolegroup.com\\\/wp-content\\\/uploads\\\/2021\\\/08\\\/Logo-Diastole-Slogan-Blanco-2.png\",\"width\":557,\"height\":640,\"caption\":\"Di\u00e1stole Comunicaciones\"},\"image\":{\"@id\":\"https:\\\/\\\/diastolegroup.com\\\/#\\\/schema\\\/logo\\\/image\\\/\"},\"sameAs\":[\"https:\\\/\\\/facebook.com\\\/diastolegroup\",\"https:\\\/\\\/linkedin\\\/company\\\/diastolecomunicaciones\",\"https:\\\/\\\/instagram.com\\\/diastolegroup\"]}]}<\/script>\n<!-- \/ Yoast SEO plugin. -->","yoast_head_json":{"title":"Blog | Di\u00e1stole Comunicaciones","robots":{"index":"index","follow":"follow","max-snippet":"max-snippet:-1","max-image-preview":"max-image-preview:large","max-video-preview":"max-video-preview:-1"},"canonical":"https:\/\/diastolegroup.com\/en\/blog\/","og_locale":"en_US","og_type":"article","og_title":"Blog | Di\u00e1stole Comunicaciones","og_description":"Blog Comunicaciones RRPP - Marketing y m\u00e1s. \u00a0 En nuestro Di\u00e1stole blog podr\u00e1s encontrar diferentes tem\u00e1ticas, platicaremos sobre temas de la actualidad, tendencias en el mercado, consejos y tips, explicaci\u00f3n de conceptos y mucha m\u00e1s informaci\u00f3n que sabemos puede ser de provecho para ti, todo esto por supuesto relacionado al \u00e1mbito de las comunicaciones. Newsletter [&hellip;]","og_url":"https:\/\/diastolegroup.com\/en\/blog\/","og_site_name":"Di\u00e1stole Comunicaciones","article_publisher":"https:\/\/facebook.com\/diastolegroup","article_modified_time":"2021-06-11T18:36:49+00:00","og_image":[{"width":557,"height":640,"url":"https:\/\/diastolegroup.com\/wp-content\/uploads\/2021\/08\/Logo-Diastole-Slogan-Blanco-2.png","type":"image\/png"}],"twitter_card":"summary_large_image","twitter_misc":{"Est. reading time":"7 minutes"},"schema":{"@context":"https:\/\/schema.org","@graph":[{"@type":"WebPage","@id":"https:\/\/diastolegroup.com\/blog\/","url":"https:\/\/diastolegroup.com\/blog\/","name":"Blog | Di\u00e1stole Comunicaciones","isPartOf":{"@id":"https:\/\/diastolegroup.com\/#website"},"datePublished":"2021-06-11T14:27:12+00:00","dateModified":"2021-06-11T18:36:49+00:00","breadcrumb":{"@id":"https:\/\/diastolegroup.com\/blog\/#breadcrumb"},"inLanguage":"en-US","potentialAction":[{"@type":"ReadAction","target":["https:\/\/diastolegroup.com\/blog\/"]}]},{"@type":"BreadcrumbList","@id":"https:\/\/diastolegroup.com\/blog\/#breadcrumb","itemListElement":[{"@type":"ListItem","position":1,"name":"Portada","item":"https:\/\/diastolegroup.com\/"},{"@type":"ListItem","position":2,"name":"Blog"}]},{"@type":"WebSite","@id":"https:\/\/diastolegroup.com\/#website","url":"https:\/\/diastolegroup.com\/","name":"Diastole Communications","description":"Agencia de comunicaciones y marketing.","publisher":{"@id":"https:\/\/diastolegroup.com\/#organization"},"potentialAction":[{"@type":"SearchAction","target":{"@type":"EntryPoint","urlTemplate":"https:\/\/diastolegroup.com\/?s={search_term_string}"},"query-input":{"@type":"PropertyValueSpecification","valueRequired":true,"valueName":"search_term_string"}}],"inLanguage":"en-US"},{"@type":"Organization","@id":"https:\/\/diastolegroup.com\/#organization","name":"Diastole Communications","url":"https:\/\/diastolegroup.com\/","logo":{"@type":"ImageObject","inLanguage":"en-US","@id":"https:\/\/diastolegroup.com\/#\/schema\/logo\/image\/","url":"https:\/\/diastolegroup.com\/wp-content\/uploads\/2021\/08\/Logo-Diastole-Slogan-Blanco-2.png","contentUrl":"https:\/\/diastolegroup.com\/wp-content\/uploads\/2021\/08\/Logo-Diastole-Slogan-Blanco-2.png","width":557,"height":640,"caption":"Di\u00e1stole Comunicaciones"},"image":{"@id":"https:\/\/diastolegroup.com\/#\/schema\/logo\/image\/"},"sameAs":["https:\/\/facebook.com\/diastolegroup","https:\/\/linkedin\/company\/diastolecomunicaciones","https:\/\/instagram.com\/diastolegroup"]}]}},"_links":{"self":[{"href":"https:\/\/diastolegroup.com\/en\/wp-json\/wp\/v2\/pages\/331933","targetHints":{"allow":["GET"]}}],"collection":[{"href":"https:\/\/diastolegroup.com\/en\/wp-json\/wp\/v2\/pages"}],"about":[{"href":"https:\/\/diastolegroup.com\/en\/wp-json\/wp\/v2\/types\/page"}],"author":[{"embeddable":true,"href":"https:\/\/diastolegroup.com\/en\/wp-json\/wp\/v2\/users\/1"}],"replies":[{"embeddable":true,"href":"https:\/\/diastolegroup.com\/en\/wp-json\/wp\/v2\/comments?post=331933"}],"version-history":[{"count":0,"href":"https:\/\/diastolegroup.com\/en\/wp-json\/wp\/v2\/pages\/331933\/revisions"}],"wp:attachment":[{"href":"https:\/\/diastolegroup.com\/en\/wp-json\/wp\/v2\/media?parent=331933"}],"curies":[{"name":"wp","href":"https:\/\/api.w.org\/{rel}","templated":true}]}}