{"id":3,"date":"2020-12-07T17:36:58","date_gmt":"2020-12-07T17:36:58","guid":{"rendered":"https:\/\/diastolegroup.com\/?page_id=3"},"modified":"2021-02-24T22:17:38","modified_gmt":"2021-02-24T22:17:38","slug":"privacy-policy","status":"publish","type":"page","link":"https:\/\/diastolegroup.com\/en\/privacy-policy\/","title":{"rendered":"Privacy Policy"},"content":{"rendered":"\n[et_pb_section fb_built=\u00bb1&#8243; admin_label=\u00bbsection\u00bb _builder_version=\u00bb4.7.4&#8243; background_image=\u00bbhttps:\/\/diastolegroup.com\/wp-content\/uploads\/2020\/12\/fondo-copia-scaled.jpg\u00bb][et_pb_row _builder_version=\u00bb4.9.0&#8243; _module_preset=\u00bbdefault\u00bb][et_pb_column type=\u00bb4_4&#8243; _builder_version=\u00bb4.9.0&#8243; _module_preset=\u00bbdefault\u00bb][et_pb_text _builder_version=\u00bb4.9.0&#8243; _module_preset=\u00bbdefault\u00bb]<p><strong>Pol\u00edtica de Privacidad, T\u00e9rminos y Condiciones<\/strong><\/p>\n<p>\u00a0Al navegar y utilizar nuestro sitio, usted est\u00e1 aceptando las pol\u00edticas t\u00e9rminos y condiciones abajo descritas.<\/p>\n<p>\u00bfQu\u00e9 son las Cookies y c\u00f3mo las utilizamos?<\/p>\n<p style=\"text-align: justify;\">Las cookies son archivos que el sitio web o la aplicaci\u00f3n\u00a0 instala en su navegador o en su dispositivo durante el recorrido por las p\u00e1ginas del sitio o por la aplicaci\u00f3n, y sirven para almacenar informaci\u00f3n sobre su visita.<\/p>\n<p style=\"text-align: justify;\">La presente Pol\u00edtica de Privacidad, T\u00e9rminos y Condiciones establece las pautas para el uso y protecci\u00f3n de la informaci\u00f3n proporcionada por todos los usuarios al momento de utilizar nuestro sitio web o dem\u00e1s canales oficiales de comunicaci\u00f3n. Di\u00e1stole Group est\u00e1 comprometida con la seguridad de los datos de todos sus usuarios. Cuando se le pide informaci\u00f3n personal o que por voluntad propia nos la proporcione a trav\u00e9s de nuestros formularios de contacto, chat y otros medios de comunicaci\u00f3n disponibles, lo hacemos asegurando que s\u00f3lo se emplear\u00e1 de acuerdo con los t\u00e9rminos de \u00e9ste documento.<\/p>\n<p>&nbsp;<\/p>\n<p style=\"text-align: justify;\">Nuestro sitio puede incluir cookies de terceros para conocer y mejorar su experiencia de navegaci\u00f3n, recopilamos informaci\u00f3n con los objetivos de:<\/p>\n<p style=\"text-align: justify;\">\u00a0&#8211; Asegurar que las p\u00e1ginas web pueden funcionar correctamente.<\/p>\n<p style=\"text-align: justify;\">&#8211; Almacenar tus preferencias, como el idioma que has seleccionado o el tama\u00f1o de letra.<\/p>\n<p style=\"text-align: justify;\">&#8211; Conocer tu experiencia de navegaci\u00f3n.<\/p>\n<p style=\"text-align: justify;\">&#8211; Recopilar informaci\u00f3n estad\u00edstica an\u00f3nima, como qu\u00e9 p\u00e1ginas ha visto o cu\u00e1nto tiempo ha estado en nuestros medios.<\/p>\n<p>\u00a0Nuestro sitio utiliza la tecnolog\u00eda ReCaptcha V3 para nuestro formulario de contacto, por lo que puede estar sujeto a pol\u00edticas y condiciones externas de Google.<\/p>\n<p style=\"text-align: justify;\">El uso de cookies nos permite optimizar su navegaci\u00f3n, adaptando la informaci\u00f3n y los servicios ofrecidos a sus intereses, proporcionando una mejor experiencia siempre que nos visite.\u00a0Las cookies se asocian \u00fanicamente a un usuario an\u00f3nimo y su ordenador\/dispositivo y no proporcionan referencias que permitan conocer datos personales. En todo momento podr\u00e1s acceder a la configuraci\u00f3n de tu navegador para modificar y\/o bloquear la instalaci\u00f3n de las cookies enviadas por los sitios web de Di\u00e1stole Group, sin que ello impida al acceso a los contenidos, salvo por lo que respecta a las cookies que son imprescindibles para la prestaci\u00f3n del servicio, sin las cuales la web no puede funcionar. Ten en cuenta en cualquier caso que, si modificas y\/o bloqueas la instalaci\u00f3n de las cookies, la calidad del funcionamiento de los servicios o su disponibilidad pueden verse afectadas.<\/p>\n<p>&nbsp;<\/p>\n<p style=\"text-align: justify;\">Es posible que actualicemos la Pol\u00edtica de Cookies de nuestro Sitio Web, por ello le recomendamos revisar esta pol\u00edtica cada vez que acceda a nuestro Sitio\u00a0 con el objetivo de estar adecuadamente informado sobre c\u00f3mo y para qu\u00e9 usamos las cookies.<\/p>\n<p style=\"text-align: justify;\"><\/p>\n<p style=\"text-align: justify;\">La Pol\u00edtica de Privacidad, t\u00e9rminos y condiciones se actualiz\u00f3 por \u00faltima vez a fecha 18\/02\/2021.<\/p>[\/et_pb_text][\/et_pb_column][\/et_pb_row][\/et_pb_section]\n","protected":false},"excerpt":{"rendered":"<p>Pol\u00edtica de Privacidad, T\u00e9rminos y Condiciones \u00a0Al navegar y utilizar nuestro sitio, usted est\u00e1 aceptando las pol\u00edticas t\u00e9rminos y condiciones abajo descritas. \u00bfQu\u00e9 son las Cookies y c\u00f3mo las utilizamos? Las cookies son archivos que el sitio web o la aplicaci\u00f3n\u00a0 instala en su navegador o en su dispositivo durante el recorrido por las p\u00e1ginas [&hellip;]<\/p>\n","protected":false},"author":1,"featured_media":0,"parent":0,"menu_order":0,"comment_status":"closed","ping_status":"open","template":"","meta":{"_et_pb_use_builder":"on","_et_pb_old_content":"<!-- wp:heading --><h2>Who we are<\/h2><!-- \/wp:heading --><!-- wp:paragraph --><p>Our website address is: https:\/\/diastolegroup.com.<\/p><!-- \/wp:paragraph --><!-- wp:heading --><h2>What personal data we collect and why we collect it<\/h2><!-- \/wp:heading --><!-- wp:heading {\"level\":3} --><h3>Comments<\/h3><!-- \/wp:heading --><!-- wp:paragraph --><p>When visitors leave comments on the site we collect the data shown in the comments form, and also the visitor&#8217;s IP address and browser user agent string to help spam detection.<\/p><!-- \/wp:paragraph --><!-- wp:paragraph --><p>An anonymized string created from your email address (also called a hash) may be provided to the Gravatar service to see if you are using it. The Gravatar service privacy policy is available here: https:\/\/automattic.com\/privacy\/. After approval of your comment, your profile picture is visible to the public in the context of your comment.<\/p><!-- \/wp:paragraph --><!-- wp:heading {\"level\":3} --><h3>Media<\/h3><!-- \/wp:heading --><!-- wp:paragraph --><p>If you upload images to the website, you should avoid uploading images with embedded location data (EXIF GPS) included. Visitors to the website can download and extract any location data from images on the website.<\/p><!-- \/wp:paragraph --><!-- wp:heading {\"level\":3} --><h3>Contact forms<\/h3><!-- \/wp:heading --><!-- wp:heading {\"level\":3} --><h3>Cookies<\/h3><!-- \/wp:heading --><!-- wp:paragraph --><p>If you leave a comment on our site you may opt-in to saving your name, email address and website in cookies. These are for your convenience so that you do not have to fill in your details again when you leave another comment. These cookies will last for one year.<\/p><!-- \/wp:paragraph --><!-- wp:paragraph --><p>If you visit our login page, we will set a temporary cookie to determine if your browser accepts cookies. This cookie contains no personal data and is discarded when you close your browser.<\/p><!-- \/wp:paragraph --><!-- wp:paragraph --><p>When you log in, we will also set up several cookies to save your login information and your screen display choices. Login cookies last for two days, and screen options cookies last for a year. If you select &quot;Remember Me&quot;, your login will persist for two weeks. If you log out of your account, the login cookies will be removed.<\/p><!-- \/wp:paragraph --><!-- wp:paragraph --><p>If you edit or publish an article, an additional cookie will be saved in your browser. This cookie includes no personal data and simply indicates the post ID of the article you just edited. It expires after 1 day.<\/p><!-- \/wp:paragraph --><!-- wp:heading {\"level\":3} --><h3>Embedded content from other websites<\/h3><!-- \/wp:heading --><!-- wp:paragraph --><p>Articles on this site may include embedded content (e.g. videos, images, articles, etc.). Embedded content from other websites behaves in the exact same way as if the visitor has visited the other website.<\/p><!-- \/wp:paragraph --><!-- wp:paragraph --><p>These websites may collect data about you, use cookies, embed additional third-party tracking, and monitor your interaction with that embedded content, including tracking your interaction with the embedded content if you have an account and are logged in to that website.<\/p><!-- \/wp:paragraph --><!-- wp:heading {\"level\":3} --><h3>Analytics<\/h3><!-- \/wp:heading --><!-- wp:heading --><h2>Who we share your data with<\/h2><!-- \/wp:heading --><!-- wp:heading --><h2>How long we retain your data<\/h2><!-- \/wp:heading --><!-- wp:paragraph --><p>If you leave a comment, the comment and its metadata are retained indefinitely. This is so we can recognize and approve any follow-up comments automatically instead of holding them in a moderation queue.<\/p><!-- \/wp:paragraph --><!-- wp:paragraph --><p>For users that register on our website (if any), we also store the personal information they provide in their user profile. All users can see, edit, or delete their personal information at any time (except they cannot change their username). Website administrators can also see and edit that information.<\/p><!-- \/wp:paragraph --><!-- wp:heading --><h2>What rights you have over your data<\/h2><!-- \/wp:heading --><!-- wp:paragraph --><p>If you have an account on this site, or have left comments, you can request to receive an exported file of the personal data we hold about you, including any data you have provided to us. You can also request that we erase any personal data we hold about you. This does not include any data we are obliged to keep for administrative, legal, or security purposes.<\/p><!-- \/wp:paragraph --><!-- wp:heading --><h2>Where we send your data<\/h2><!-- \/wp:heading --><!-- wp:paragraph --><p>Visitor comments may be checked through an automated spam detection service.<\/p><!-- \/wp:paragraph --><!-- wp:heading --><h2>Your contact information<\/h2><!-- \/wp:heading --><!-- wp:heading --><h2>Additional information<\/h2><!-- \/wp:heading --><!-- wp:heading {\"level\":3} --><h3>How we protect your data<\/h3><!-- \/wp:heading --><!-- wp:heading {\"level\":3} --><h3>What data breach procedures we have in place<\/h3><!-- \/wp:heading --><!-- wp:heading {\"level\":3} --><h3>What third parties we receive data from<\/h3><!-- \/wp:heading --><!-- wp:heading {\"level\":3} --><h3>What automated decision making and\/or profiling we do with user data<\/h3><!-- \/wp:heading --><!-- wp:heading {\"level\":3} --><h3>Industry regulatory disclosure requirements<\/h3><!-- \/wp:heading -->","_et_gb_content_width":"","footnotes":""},"class_list":["post-3","page","type-page","status-publish","hentry"],"yoast_head":"<!-- This site is optimized with the Yoast SEO plugin v27.3 - https:\/\/yoast.com\/product\/yoast-seo-wordpress\/ -->\n<title>Privacy Policy | Di\u00e1stole Comunicaciones<\/title>\n<meta name=\"robots\" content=\"index, follow, max-snippet:-1, max-image-preview:large, max-video-preview:-1\" \/>\n<link rel=\"canonical\" href=\"https:\/\/diastolegroup.com\/en\/privacy-policy\/\" \/>\n<meta property=\"og:locale\" content=\"en_US\" \/>\n<meta property=\"og:type\" content=\"article\" \/>\n<meta property=\"og:title\" content=\"Privacy Policy | Di\u00e1stole Comunicaciones\" \/>\n<meta property=\"og:description\" content=\"Pol\u00edtica de Privacidad, T\u00e9rminos y Condiciones \u00a0Al navegar y utilizar nuestro sitio, usted est\u00e1 aceptando las pol\u00edticas t\u00e9rminos y condiciones abajo descritas. \u00bfQu\u00e9 son las Cookies y c\u00f3mo las utilizamos? Las cookies son archivos que el sitio web o la aplicaci\u00f3n\u00a0 instala en su navegador o en su dispositivo durante el recorrido por las p\u00e1ginas [&hellip;]\" \/>\n<meta property=\"og:url\" content=\"https:\/\/diastolegroup.com\/en\/privacy-policy\/\" \/>\n<meta property=\"og:site_name\" content=\"Di\u00e1stole Comunicaciones\" \/>\n<meta property=\"article:publisher\" content=\"https:\/\/facebook.com\/diastolegroup\" \/>\n<meta property=\"article:modified_time\" content=\"2021-02-24T22:17:38+00:00\" \/>\n<meta property=\"og:image\" content=\"https:\/\/diastolegroup.com\/wp-content\/uploads\/2021\/08\/Logo-Diastole-Slogan-Blanco-2.png\" \/>\n\t<meta property=\"og:image:width\" content=\"557\" \/>\n\t<meta property=\"og:image:height\" content=\"640\" \/>\n\t<meta property=\"og:image:type\" content=\"image\/png\" \/>\n<meta name=\"twitter:card\" content=\"summary_large_image\" \/>\n<meta name=\"twitter:label1\" content=\"Est. reading time\" \/>\n\t<meta name=\"twitter:data1\" content=\"3 minutes\" \/>\n<script type=\"application\/ld+json\" class=\"yoast-schema-graph\">{\"@context\":\"https:\\\/\\\/schema.org\",\"@graph\":[{\"@type\":\"WebPage\",\"@id\":\"https:\\\/\\\/diastolegroup.com\\\/privacy-policy\\\/\",\"url\":\"https:\\\/\\\/diastolegroup.com\\\/privacy-policy\\\/\",\"name\":\"Privacy Policy | Di\u00e1stole Comunicaciones\",\"isPartOf\":{\"@id\":\"https:\\\/\\\/diastolegroup.com\\\/#website\"},\"datePublished\":\"2020-12-07T17:36:58+00:00\",\"dateModified\":\"2021-02-24T22:17:38+00:00\",\"breadcrumb\":{\"@id\":\"https:\\\/\\\/diastolegroup.com\\\/privacy-policy\\\/#breadcrumb\"},\"inLanguage\":\"en-US\",\"potentialAction\":[{\"@type\":\"ReadAction\",\"target\":[\"https:\\\/\\\/diastolegroup.com\\\/privacy-policy\\\/\"]}]},{\"@type\":\"BreadcrumbList\",\"@id\":\"https:\\\/\\\/diastolegroup.com\\\/privacy-policy\\\/#breadcrumb\",\"itemListElement\":[{\"@type\":\"ListItem\",\"position\":1,\"name\":\"Portada\",\"item\":\"https:\\\/\\\/diastolegroup.com\\\/\"},{\"@type\":\"ListItem\",\"position\":2,\"name\":\"Privacy Policy\"}]},{\"@type\":\"WebSite\",\"@id\":\"https:\\\/\\\/diastolegroup.com\\\/#website\",\"url\":\"https:\\\/\\\/diastolegroup.com\\\/\",\"name\":\"Di\u00e1stole Comunicaciones\",\"description\":\"Agencia de comunicaciones y marketing.\",\"publisher\":{\"@id\":\"https:\\\/\\\/diastolegroup.com\\\/#organization\"},\"potentialAction\":[{\"@type\":\"SearchAction\",\"target\":{\"@type\":\"EntryPoint\",\"urlTemplate\":\"https:\\\/\\\/diastolegroup.com\\\/?s={search_term_string}\"},\"query-input\":{\"@type\":\"PropertyValueSpecification\",\"valueRequired\":true,\"valueName\":\"search_term_string\"}}],\"inLanguage\":\"en-US\"},{\"@type\":\"Organization\",\"@id\":\"https:\\\/\\\/diastolegroup.com\\\/#organization\",\"name\":\"Di\u00e1stole Comunicaciones\",\"url\":\"https:\\\/\\\/diastolegroup.com\\\/\",\"logo\":{\"@type\":\"ImageObject\",\"inLanguage\":\"en-US\",\"@id\":\"https:\\\/\\\/diastolegroup.com\\\/#\\\/schema\\\/logo\\\/image\\\/\",\"url\":\"https:\\\/\\\/diastolegroup.com\\\/wp-content\\\/uploads\\\/2021\\\/08\\\/Logo-Diastole-Slogan-Blanco-2.png\",\"contentUrl\":\"https:\\\/\\\/diastolegroup.com\\\/wp-content\\\/uploads\\\/2021\\\/08\\\/Logo-Diastole-Slogan-Blanco-2.png\",\"width\":557,\"height\":640,\"caption\":\"Di\u00e1stole Comunicaciones\"},\"image\":{\"@id\":\"https:\\\/\\\/diastolegroup.com\\\/#\\\/schema\\\/logo\\\/image\\\/\"},\"sameAs\":[\"https:\\\/\\\/facebook.com\\\/diastolegroup\",\"https:\\\/\\\/linkedin\\\/company\\\/diastolecomunicaciones\",\"https:\\\/\\\/instagram.com\\\/diastolegroup\"]}]}<\/script>\n<!-- \/ Yoast SEO plugin. -->","yoast_head_json":{"title":"Privacy Policy | Di\u00e1stole Comunicaciones","robots":{"index":"index","follow":"follow","max-snippet":"max-snippet:-1","max-image-preview":"max-image-preview:large","max-video-preview":"max-video-preview:-1"},"canonical":"https:\/\/diastolegroup.com\/en\/privacy-policy\/","og_locale":"en_US","og_type":"article","og_title":"Privacy Policy | Di\u00e1stole Comunicaciones","og_description":"Pol\u00edtica de Privacidad, T\u00e9rminos y Condiciones \u00a0Al navegar y utilizar nuestro sitio, usted est\u00e1 aceptando las pol\u00edticas t\u00e9rminos y condiciones abajo descritas. \u00bfQu\u00e9 son las Cookies y c\u00f3mo las utilizamos? Las cookies son archivos que el sitio web o la aplicaci\u00f3n\u00a0 instala en su navegador o en su dispositivo durante el recorrido por las p\u00e1ginas [&hellip;]","og_url":"https:\/\/diastolegroup.com\/en\/privacy-policy\/","og_site_name":"Di\u00e1stole Comunicaciones","article_publisher":"https:\/\/facebook.com\/diastolegroup","article_modified_time":"2021-02-24T22:17:38+00:00","og_image":[{"width":557,"height":640,"url":"https:\/\/diastolegroup.com\/wp-content\/uploads\/2021\/08\/Logo-Diastole-Slogan-Blanco-2.png","type":"image\/png"}],"twitter_card":"summary_large_image","twitter_misc":{"Est. reading time":"3 minutes"},"schema":{"@context":"https:\/\/schema.org","@graph":[{"@type":"WebPage","@id":"https:\/\/diastolegroup.com\/privacy-policy\/","url":"https:\/\/diastolegroup.com\/privacy-policy\/","name":"Privacy Policy | Di\u00e1stole Comunicaciones","isPartOf":{"@id":"https:\/\/diastolegroup.com\/#website"},"datePublished":"2020-12-07T17:36:58+00:00","dateModified":"2021-02-24T22:17:38+00:00","breadcrumb":{"@id":"https:\/\/diastolegroup.com\/privacy-policy\/#breadcrumb"},"inLanguage":"en-US","potentialAction":[{"@type":"ReadAction","target":["https:\/\/diastolegroup.com\/privacy-policy\/"]}]},{"@type":"BreadcrumbList","@id":"https:\/\/diastolegroup.com\/privacy-policy\/#breadcrumb","itemListElement":[{"@type":"ListItem","position":1,"name":"Portada","item":"https:\/\/diastolegroup.com\/"},{"@type":"ListItem","position":2,"name":"Privacy Policy"}]},{"@type":"WebSite","@id":"https:\/\/diastolegroup.com\/#website","url":"https:\/\/diastolegroup.com\/","name":"Diastole Communications","description":"Agencia de comunicaciones y marketing.","publisher":{"@id":"https:\/\/diastolegroup.com\/#organization"},"potentialAction":[{"@type":"SearchAction","target":{"@type":"EntryPoint","urlTemplate":"https:\/\/diastolegroup.com\/?s={search_term_string}"},"query-input":{"@type":"PropertyValueSpecification","valueRequired":true,"valueName":"search_term_string"}}],"inLanguage":"en-US"},{"@type":"Organization","@id":"https:\/\/diastolegroup.com\/#organization","name":"Diastole Communications","url":"https:\/\/diastolegroup.com\/","logo":{"@type":"ImageObject","inLanguage":"en-US","@id":"https:\/\/diastolegroup.com\/#\/schema\/logo\/image\/","url":"https:\/\/diastolegroup.com\/wp-content\/uploads\/2021\/08\/Logo-Diastole-Slogan-Blanco-2.png","contentUrl":"https:\/\/diastolegroup.com\/wp-content\/uploads\/2021\/08\/Logo-Diastole-Slogan-Blanco-2.png","width":557,"height":640,"caption":"Di\u00e1stole Comunicaciones"},"image":{"@id":"https:\/\/diastolegroup.com\/#\/schema\/logo\/image\/"},"sameAs":["https:\/\/facebook.com\/diastolegroup","https:\/\/linkedin\/company\/diastolecomunicaciones","https:\/\/instagram.com\/diastolegroup"]}]}},"_links":{"self":[{"href":"https:\/\/diastolegroup.com\/en\/wp-json\/wp\/v2\/pages\/3","targetHints":{"allow":["GET"]}}],"collection":[{"href":"https:\/\/diastolegroup.com\/en\/wp-json\/wp\/v2\/pages"}],"about":[{"href":"https:\/\/diastolegroup.com\/en\/wp-json\/wp\/v2\/types\/page"}],"author":[{"embeddable":true,"href":"https:\/\/diastolegroup.com\/en\/wp-json\/wp\/v2\/users\/1"}],"replies":[{"embeddable":true,"href":"https:\/\/diastolegroup.com\/en\/wp-json\/wp\/v2\/comments?post=3"}],"version-history":[{"count":0,"href":"https:\/\/diastolegroup.com\/en\/wp-json\/wp\/v2\/pages\/3\/revisions"}],"wp:attachment":[{"href":"https:\/\/diastolegroup.com\/en\/wp-json\/wp\/v2\/media?parent=3"}],"curies":[{"name":"wp","href":"https:\/\/api.w.org\/{rel}","templated":true}]}}