{"id":1033,"date":"2020-09-24T14:46:19","date_gmt":"2020-09-24T14:46:19","guid":{"rendered":"http:\/\/twopixels-test-server.nl\/avanti\/?page_id=3824"},"modified":"2021-02-24T23:40:21","modified_gmt":"2021-02-24T23:40:21","slug":"faq","status":"publish","type":"page","link":"https:\/\/diastolegroup.com\/en\/faq\/","title":{"rendered":"Faq"},"content":{"rendered":"<p>[et_pb_section fb_built=\u00bb1&#8243; custom_padding_last_edited=\u00bbon|phone\u00bb _builder_version=\u00bb4.6.1&#8243; _module_preset=\u00bbdefault\u00bb custom_margin=\u00bb||||false|false\u00bb custom_margin_tablet=\u00bb\u00bb custom_margin_phone=\u00bb25px||||false|false\u00bb custom_margin_last_edited=\u00bbon|phone\u00bb custom_padding=\u00bb54px||||false|false\u00bb custom_padding_tablet=\u00bb\u00bb custom_padding_phone=\u00bb50px||||false|false\u00bb][et_pb_row module_class=\u00bbcustom_row_width\u00bb _builder_version=\u00bb4.6.1&#8243; _module_preset=\u00bbdefault\u00bb custom_padding=\u00bb0px||33px||false|false\u00bb][et_pb_column type=\u00bb4_4&#8243; _builder_version=\u00bb4.5.1&#8243; _module_preset=\u00bbdefault\u00bb][et_pb_text _builder_version=\u00bb4.6.1&#8243; _module_preset=\u00bbdefault\u00bb text_font=\u00bbMr Dafoe||||||||\u00bb text_text_color=\u00bb#e8e8e8&#8243; text_font_size=\u00bb60px\u00bb text_orientation=\u00bbcenter\u00bb custom_margin=\u00bb||18px||false|false\u00bb custom_margin_tablet=\u00bb||16px||false|false\u00bb custom_margin_phone=\u00bb||8px||false|false\u00bb custom_margin_last_edited=\u00bbon|tablet\u00bb hover_enabled=\u00bb0&#8243; text_font_size_tablet=\u00bb48px\u00bb text_font_size_phone=\u00bb36px\u00bb text_font_size_last_edited=\u00bbon|phone\u00bb sticky_enabled=\u00bb0&#8243;]<\/p>\n<p>Faq<\/p>\n<p>[\/et_pb_text][et_pb_text _builder_version=\u00bb4.9.0&#8243; _module_preset=\u00bbdefault\u00bb header_2_font=\u00bb|700|||||||\u00bb header_2_text_align=\u00bbcenter\u00bb header_2_font_size=\u00bb48px\u00bb hover_enabled=\u00bb0&#8243; header_2_font_size_tablet=\u00bb\u00bb header_2_font_size_phone=\u00bb40px\u00bb header_2_font_size_last_edited=\u00bbon|phone\u00bb sticky_enabled=\u00bb0&#8243;]<\/p>\n<h2>FAQ &#8211; \u00bfTienes Consultas?<\/h2>\n<p>[\/et_pb_text][et_pb_text _builder_version=\u00bb4.9.0&#8243; _module_preset=\u00bbdefault\u00bb text_font_size=\u00bb20px\u00bb text_line_height=\u00bb1.5em\u00bb text_orientation=\u00bbcenter\u00bb width=\u00bb60%\u00bb width_tablet=\u00bb100%\u00bb width_phone=\u00bb100%\u00bb width_last_edited=\u00bbon|phone\u00bb module_alignment=\u00bbcenter\u00bb text_font_size_tablet=\u00bb\u00bb text_font_size_phone=\u00bb18px\u00bb text_font_size_last_edited=\u00bbon|phone\u00bb text_line_height_tablet=\u00bb\u00bb text_line_height_phone=\u00bb1.7em\u00bb text_line_height_last_edited=\u00bbon|phone\u00bb]<\/p>\n<p><span>Aqu\u00ed encontrar\u00e1s algunas respuestas a las preguntas m\u00e1s comunes, sin embargo siempre estamos dispuestos a orientarte si no encuentras lo que buscabas.<\/span><\/p>\n<p>[\/et_pb_text][\/et_pb_column][\/et_pb_row][et_pb_row column_structure=\u00bb1_2,1_2&#8243; _builder_version=\u00bb4.6.1&#8243; _module_preset=\u00bbdefault\u00bb][et_pb_column type=\u00bb1_2&#8243; _builder_version=\u00bb4.6.1&#8243; _module_preset=\u00bbdefault\u00bb][et_pb_text _builder_version=\u00bb4.9.0&#8243; _module_preset=\u00bbdefault\u00bb header_2_font=\u00bb|700|||||||\u00bb header_2_font_size=\u00bb48px\u00bb header_3_font=\u00bb|700|||||||\u00bb header_3_font_size=\u00bb40px\u00bb header_2_font_size_tablet=\u00bb\u00bb header_2_font_size_phone=\u00bb32px\u00bb header_2_font_size_last_edited=\u00bbon|phone\u00bb header_3_font_size_tablet=\u00bb34px\u00bb header_3_font_size_phone=\u00bb28px\u00bb header_3_font_size_last_edited=\u00bbon|phone\u00bb]<\/p>\n<h3>Preguntas Generales<\/h3>\n<p>[\/et_pb_text][et_pb_toggle title=\u00bb\u00bfQu\u00e9 es una Agencia de Comunicaciones?\u00bb icon_color=\u00bb#c1282a\u00bb use_icon_font_size=\u00bbon\u00bb icon_font_size=\u00bb36px\u00bb _builder_version=\u00bb4.9.0&#8243; _module_preset=\u00bbdefault\u00bb title_text_color=\u00bb#000000&#8243; title_font_size=\u00bb24px\u00bb body_text_color=\u00bb#000000&#8243; body_font_size=\u00bb14px\u00bb body_line_height=\u00bb1.8em\u00bb background_color=\u00bb#FFFFFF\u00bb custom_padding=\u00bb0px|0px|35px|0px|false|true\u00bb title_font_size_tablet=\u00bb\u00bb title_font_size_phone=\u00bb20px\u00bb title_font_size_last_edited=\u00bbon|phone\u00bb border_width_all=\u00bb0px\u00bb border_width_bottom=\u00bb1px\u00bb border_color_bottom=\u00bb#000000&#8243;]<\/p>\n<p>Es una empresa que re\u00fane a profesionales en diversas \u00e1reas (dise\u00f1o, mercadeo, comunicaciones, fotograf\u00eda y video, desarrollo web, entre otras) que en conjunto se encargan de resolver tareas relacionadas a presencia de marca, posicionamiento, promoci\u00f3n de servicios, imagen corporativa, entre otras<\/p>\n<p>[\/et_pb_toggle][et_pb_toggle title=\u00bb\u00bfPueden atender clientes de otros Pa\u00edses?\u00bb icon_color=\u00bb#c1282a\u00bb use_icon_font_size=\u00bbon\u00bb icon_font_size=\u00bb36px\u00bb _builder_version=\u00bb4.9.0&#8243; _module_preset=\u00bbdefault\u00bb title_text_color=\u00bb#000000&#8243; title_font_size=\u00bb24px\u00bb body_text_color=\u00bb#000000&#8243; body_font_size=\u00bb14px\u00bb body_line_height=\u00bb1.8em\u00bb background_color=\u00bb#FFFFFF\u00bb custom_padding=\u00bb0px|0px|35px|0px|false|true\u00bb title_font_size_tablet=\u00bb\u00bb title_font_size_phone=\u00bb20px\u00bb title_font_size_last_edited=\u00bbon|phone\u00bb border_width_all=\u00bb0px\u00bb border_width_bottom=\u00bb1px\u00bb border_color_bottom=\u00bb#000000&#8243;]<\/p>\n<p>\u00a1Claro que s\u00ed!, la distancia no es ninguna barrera para que podamos trabajar juntos, tenemos clientes de Estados Unidos, de Honduras, de Guatemala con quienes hemos podido realizar diferentes trabajos.<\/p>\n<p>[\/et_pb_toggle][et_pb_toggle title=\u00bb\u00bfLas redes sociales ayudan a mi negocio?\u00bb icon_color=\u00bb#c1282a\u00bb use_icon_font_size=\u00bbon\u00bb icon_font_size=\u00bb36px\u00bb _builder_version=\u00bb4.9.0&#8243; _module_preset=\u00bbdefault\u00bb title_text_color=\u00bb#000000&#8243; title_font_size=\u00bb24px\u00bb body_text_color=\u00bb#000000&#8243; body_font_size=\u00bb14px\u00bb body_line_height=\u00bb1.8em\u00bb background_color=\u00bb#FFFFFF\u00bb custom_padding=\u00bb0px|0px|35px|0px|false|true\u00bb title_font_size_tablet=\u00bb\u00bb title_font_size_phone=\u00bb20px\u00bb title_font_size_last_edited=\u00bbon|phone\u00bb border_width_all=\u00bb0px\u00bb border_width_bottom=\u00bb1px\u00bb border_color_bottom=\u00bb#000000&#8243;]<\/p>\n<p>La respuesta corta es, \u00a1S\u00ed!. Las redes sociales hoy por hoy son un v\u00ednculo directo con los consumidores y a trav\u00e9s de las cuales nos permiten interactuar de una forma m\u00e1s inmediata para conocer sus gustos e interactuar oportunamente.<\/p>\n<p>[\/et_pb_toggle][et_pb_toggle title=\u00bb\u00bfQu\u00e9 red social es la mejor para m\u00ed?\u00bb icon_color=\u00bb#c1282a\u00bb use_icon_font_size=\u00bbon\u00bb icon_font_size=\u00bb36px\u00bb _builder_version=\u00bb4.9.0&#8243; _module_preset=\u00bbdefault\u00bb title_text_color=\u00bb#000000&#8243; title_font_size=\u00bb24px\u00bb body_text_color=\u00bb#000000&#8243; body_font_size=\u00bb14px\u00bb body_line_height=\u00bb1.8em\u00bb background_color=\u00bb#FFFFFF\u00bb custom_padding=\u00bb0px|0px|35px|0px|false|true\u00bb title_font_size_tablet=\u00bb\u00bb title_font_size_phone=\u00bb20px\u00bb title_font_size_last_edited=\u00bbon|phone\u00bb border_width_all=\u00bb0px\u00bb border_width_bottom=\u00bb1px\u00bb border_color_bottom=\u00bb#000000&#8243;]<\/p>\n<p>Depende, no todos los tipos de redes sociales aplican de forma efectiva a todas las empresas, es por eso que se debe analizar varios factores para obtener los mejores resultados, algunos de estos son: el rubro de la empresa, a qui\u00e9n va dirigida la marca, el \u00e1rea donde opera, entre otros.<\/p>\n<p>[\/et_pb_toggle][et_pb_toggle title=\u00bb\u00bfQu\u00e9 es o a qu\u00e9 se refiere el ROI?\u00bb icon_color=\u00bb#c1282a\u00bb use_icon_font_size=\u00bbon\u00bb icon_font_size=\u00bb36px\u00bb _builder_version=\u00bb4.9.0&#8243; _module_preset=\u00bbdefault\u00bb title_text_color=\u00bb#000000&#8243; title_font_size=\u00bb24px\u00bb body_text_color=\u00bb#000000&#8243; body_font_size=\u00bb14px\u00bb body_line_height=\u00bb1.8em\u00bb background_color=\u00bb#FFFFFF\u00bb custom_padding=\u00bb0px|0px|35px|0px|false|true\u00bb title_font_size_tablet=\u00bb\u00bb title_font_size_phone=\u00bb20px\u00bb title_font_size_last_edited=\u00bbon|phone\u00bb border_width_all=\u00bb0px\u00bb border_width_bottom=\u00bb1px\u00bb border_color_bottom=\u00bb#000000&#8243;]<\/p>\n<p>Por sus siglas en ingl\u00e9s, Return of investment. Es el indicador que nos permite comparar entre el total de lo invertido contra lo que nos regresa con relaci\u00f3n a esa inversi\u00f3n.<\/p>\n<p>[\/et_pb_toggle][\/et_pb_column][et_pb_column type=\u00bb1_2&#8243; _builder_version=\u00bb4.6.1&#8243; _module_preset=\u00bbdefault\u00bb custom_padding_tablet=\u00bb50px||||false|false\u00bb custom_padding_phone=\u00bb50px||||false|false\u00bb custom_padding_last_edited=\u00bbon|phone\u00bb][et_pb_text _builder_version=\u00bb4.9.0&#8243; _module_preset=\u00bbdefault\u00bb header_2_font=\u00bb|700|||||||\u00bb header_2_font_size=\u00bb48px\u00bb header_3_font=\u00bb|700|||||||\u00bb header_3_font_size=\u00bb40px\u00bb header_2_font_size_tablet=\u00bb\u00bb header_2_font_size_phone=\u00bb32px\u00bb header_2_font_size_last_edited=\u00bbon|phone\u00bb header_3_font_size_tablet=\u00bb34px\u00bb header_3_font_size_phone=\u00bb28px\u00bb header_3_font_size_last_edited=\u00bbon|phone\u00bb]<\/p>\n<h3>Acerca de los Servicios<\/h3>\n<p>[\/et_pb_text][et_pb_toggle title=\u00bb\u00bfQu\u00e9 es una Landing Page?\u00bb icon_color=\u00bb#c1282a\u00bb use_icon_font_size=\u00bbon\u00bb icon_font_size=\u00bb36px\u00bb _builder_version=\u00bb4.9.0&#8243; _module_preset=\u00bbdefault\u00bb title_text_color=\u00bb#000000&#8243; title_font_size=\u00bb24px\u00bb body_text_color=\u00bb#000000&#8243; body_font_size=\u00bb14px\u00bb body_line_height=\u00bb1.8em\u00bb background_color=\u00bb#FFFFFF\u00bb custom_padding=\u00bb0px|0px|35px|0px|false|true\u00bb title_font_size_tablet=\u00bb\u00bb title_font_size_phone=\u00bb20px\u00bb title_font_size_last_edited=\u00bbon|phone\u00bb border_width_all=\u00bb0px\u00bb border_width_bottom=\u00bb1px\u00bb border_color_bottom=\u00bb#000000&#8243;]<\/p>\n<p>Es una web de aterrizaje con informaci\u00f3n concreta para el usuario que la visita, su informaci\u00f3n es puntual y directa sobre el producto o servicio que se est\u00e1 promocionando.<\/p>\n<p>[\/et_pb_toggle][et_pb_toggle title=\u00bb\u00bfQu\u00e9 es Hosting?\u00bb icon_color=\u00bb#c1282a\u00bb use_icon_font_size=\u00bbon\u00bb icon_font_size=\u00bb36px\u00bb _builder_version=\u00bb4.9.0&#8243; _module_preset=\u00bbdefault\u00bb title_text_color=\u00bb#000000&#8243; title_font_size=\u00bb24px\u00bb body_text_color=\u00bb#000000&#8243; body_font_size=\u00bb14px\u00bb body_line_height=\u00bb1.8em\u00bb background_color=\u00bb#FFFFFF\u00bb custom_padding=\u00bb0px|0px|35px|0px|false|true\u00bb title_font_size_tablet=\u00bb\u00bb title_font_size_phone=\u00bb20px\u00bb title_font_size_last_edited=\u00bbon|phone\u00bb border_width_all=\u00bb0px\u00bb border_width_bottom=\u00bb1px\u00bb border_color_bottom=\u00bb#000000&#8243;]<\/p>\n<p>Es el espacio de almacenamiento que se necesita para guardar los archivos de una p\u00e1gina web, tienda en l\u00ednea, etc. y permitiendo que \u00e9sta sea visible en internet.<\/p>\n<p>[\/et_pb_toggle][et_pb_toggle title=\u00bb\u00bfQu\u00e9 es un Dominio Web?\u00bb icon_color=\u00bb#c1282a\u00bb use_icon_font_size=\u00bbon\u00bb icon_font_size=\u00bb36px\u00bb _builder_version=\u00bb4.9.0&#8243; _module_preset=\u00bbdefault\u00bb title_text_color=\u00bb#000000&#8243; title_font_size=\u00bb24px\u00bb body_text_color=\u00bb#000000&#8243; body_font_size=\u00bb14px\u00bb body_line_height=\u00bb1.8em\u00bb background_color=\u00bb#FFFFFF\u00bb custom_padding=\u00bb0px|0px|35px|0px|false|true\u00bb title_font_size_tablet=\u00bb\u00bb title_font_size_phone=\u00bb20px\u00bb title_font_size_last_edited=\u00bbon|phone\u00bb border_width_all=\u00bb0px\u00bb border_width_bottom=\u00bb1px\u00bb border_color_bottom=\u00bb#000000&#8243;]<\/p>\n<p>Es la direcci\u00f3n que los usuarios escriben en la barra del navegador y que nos permite identificar y acceder a un sitio web.<\/p>\n<p>[\/et_pb_toggle][et_pb_toggle title=\u00bb\u00bfPara qu\u00e9 sirve el SSL en mi sitio web?\u00bb icon_color=\u00bb#c1282a\u00bb use_icon_font_size=\u00bbon\u00bb icon_font_size=\u00bb36px\u00bb _builder_version=\u00bb4.9.0&#8243; _module_preset=\u00bbdefault\u00bb title_text_color=\u00bb#000000&#8243; title_font_size=\u00bb24px\u00bb body_text_color=\u00bb#000000&#8243; body_font_size=\u00bb14px\u00bb body_line_height=\u00bb1.8em\u00bb background_color=\u00bb#FFFFFF\u00bb custom_padding=\u00bb0px|0px|35px|0px|false|true\u00bb title_font_size_tablet=\u00bb\u00bb title_font_size_phone=\u00bb20px\u00bb title_font_size_last_edited=\u00bbon|phone\u00bb border_width_all=\u00bb0px\u00bb border_width_bottom=\u00bb1px\u00bb border_color_bottom=\u00bb#000000&#8243;]<\/p>\n<p>Es el acr\u00f3nimo de Secure Sockets Layer. Es el protocolo que se utiliza en navegadores web y servidores que permiten la autenticaci\u00f3n, encriptaci\u00f3n y desencriptaci\u00f3n de datos que se env\u00edan por internet. En otras palabras es el mecanismo que permite una navegaci\u00f3n segura para realizar tr\u00e1mites, pagos y manejo de datos personales en un sitio web.<\/p>\n<p>[\/et_pb_toggle][et_pb_toggle title=\u00bb\u00bfQu\u00e9 es el SEO?\u00bb icon_color=\u00bb#c1282a\u00bb use_icon_font_size=\u00bbon\u00bb icon_font_size=\u00bb36px\u00bb _builder_version=\u00bb4.9.0&#8243; _module_preset=\u00bbdefault\u00bb title_text_color=\u00bb#000000&#8243; title_font_size=\u00bb24px\u00bb body_text_color=\u00bb#000000&#8243; body_font_size=\u00bb14px\u00bb body_line_height=\u00bb1.8em\u00bb background_color=\u00bb#FFFFFF\u00bb custom_padding=\u00bb0px|0px|35px|0px|false|true\u00bb title_font_size_tablet=\u00bb\u00bb title_font_size_phone=\u00bb20px\u00bb title_font_size_last_edited=\u00bbon|phone\u00bb border_width_all=\u00bb0px\u00bb border_width_bottom=\u00bb1px\u00bb border_color_bottom=\u00bb#000000&#8243;]<\/p>\n<p>Proviene de sus siglas en ingl\u00e9s Serch Engine Optimization. Que no es m\u00e1s que la optimizaci\u00f3n de un sitio para que pueda ser encontrado de una forma r\u00e1pida y dentro de las primeras opciones en los buscadores de internet.<\/p>\n<p>[\/et_pb_toggle][\/et_pb_column][\/et_pb_row][et_pb_row _builder_version=\u00bb4.6.1&#8243; _module_preset=\u00bbdefault\u00bb positioning=\u00bbabsolute\u00bb position_origin_a=\u00bbbottom_center\u00bb vertical_offset=\u00bb-34px\u00bb z_index=\u00bb-1&#8243; max_width=\u00bb1600px\u00bb][et_pb_column type=\u00bb4_4&#8243; _builder_version=\u00bb4.6.1&#8243; _module_preset=\u00bbdefault\u00bb][et_pb_image src=\u00bbhttps:\/\/diastolegroup.com\/wp-content\/uploads\/2021\/02\/triangle-right-bottom-1.png\u00bb align=\u00bbright\u00bb disabled_on=\u00bbon|off|off\u00bb _builder_version=\u00bb4.6.1&#8243; _module_preset=\u00bbdefault\u00bb][\/et_pb_image][\/et_pb_column][\/et_pb_row][\/et_pb_section]<\/p>\n","protected":false},"excerpt":{"rendered":"<p>FAQ &#8211; Aqu\u00ed podr\u00e1 encontrar algunas de las preguntas que recibimos frecuentemente. <\/p>","protected":false},"author":1,"featured_media":0,"parent":0,"menu_order":0,"comment_status":"closed","ping_status":"closed","template":"","meta":{"_et_pb_use_builder":"on","_et_pb_old_content":"<!-- wp:divi\/placeholder \/-->","_et_gb_content_width":"","footnotes":""},"class_list":["post-1033","page","type-page","status-publish","hentry"],"yoast_head":"<!-- This site is optimized with the Yoast SEO plugin v27.3 - https:\/\/yoast.com\/product\/yoast-seo-wordpress\/ -->\n<title>Faq | Di\u00e1stole Comunicaciones<\/title>\n<meta name=\"robots\" content=\"index, follow, max-snippet:-1, max-image-preview:large, max-video-preview:-1\" \/>\n<link rel=\"canonical\" href=\"https:\/\/diastolegroup.com\/en\/faq\/\" \/>\n<meta property=\"og:locale\" content=\"en_US\" \/>\n<meta property=\"og:type\" content=\"article\" \/>\n<meta property=\"og:title\" content=\"Faq | Di\u00e1stole Comunicaciones\" \/>\n<meta property=\"og:description\" content=\"FAQ - Aqu\u00ed podr\u00e1 encontrar algunas de las preguntas que recibimos frecuentemente.\" \/>\n<meta property=\"og:url\" content=\"https:\/\/diastolegroup.com\/en\/faq\/\" \/>\n<meta property=\"og:site_name\" content=\"Di\u00e1stole Comunicaciones\" \/>\n<meta property=\"article:publisher\" content=\"https:\/\/facebook.com\/diastolegroup\" \/>\n<meta property=\"article:modified_time\" content=\"2021-02-24T23:40:21+00:00\" \/>\n<meta property=\"og:image\" content=\"https:\/\/diastolegroup.com\/wp-content\/uploads\/2021\/08\/Logo-Diastole-Slogan-Blanco-2.png\" \/>\n\t<meta property=\"og:image:width\" content=\"557\" \/>\n\t<meta property=\"og:image:height\" content=\"640\" \/>\n\t<meta property=\"og:image:type\" content=\"image\/png\" \/>\n<meta name=\"twitter:card\" content=\"summary_large_image\" \/>\n<meta name=\"twitter:label1\" content=\"Est. reading time\" \/>\n\t<meta name=\"twitter:data1\" content=\"9 minutes\" \/>\n<script type=\"application\/ld+json\" class=\"yoast-schema-graph\">{\"@context\":\"https:\\\/\\\/schema.org\",\"@graph\":[{\"@type\":\"WebPage\",\"@id\":\"https:\\\/\\\/diastolegroup.com\\\/faq\\\/\",\"url\":\"https:\\\/\\\/diastolegroup.com\\\/faq\\\/\",\"name\":\"Faq | Di\u00e1stole Comunicaciones\",\"isPartOf\":{\"@id\":\"https:\\\/\\\/diastolegroup.com\\\/#website\"},\"datePublished\":\"2020-09-24T14:46:19+00:00\",\"dateModified\":\"2021-02-24T23:40:21+00:00\",\"breadcrumb\":{\"@id\":\"https:\\\/\\\/diastolegroup.com\\\/faq\\\/#breadcrumb\"},\"inLanguage\":\"en-US\",\"potentialAction\":[{\"@type\":\"ReadAction\",\"target\":[\"https:\\\/\\\/diastolegroup.com\\\/faq\\\/\"]}]},{\"@type\":\"BreadcrumbList\",\"@id\":\"https:\\\/\\\/diastolegroup.com\\\/faq\\\/#breadcrumb\",\"itemListElement\":[{\"@type\":\"ListItem\",\"position\":1,\"name\":\"Portada\",\"item\":\"https:\\\/\\\/diastolegroup.com\\\/\"},{\"@type\":\"ListItem\",\"position\":2,\"name\":\"Faq\"}]},{\"@type\":\"WebSite\",\"@id\":\"https:\\\/\\\/diastolegroup.com\\\/#website\",\"url\":\"https:\\\/\\\/diastolegroup.com\\\/\",\"name\":\"Di\u00e1stole Comunicaciones\",\"description\":\"Agencia de comunicaciones y marketing.\",\"publisher\":{\"@id\":\"https:\\\/\\\/diastolegroup.com\\\/#organization\"},\"potentialAction\":[{\"@type\":\"SearchAction\",\"target\":{\"@type\":\"EntryPoint\",\"urlTemplate\":\"https:\\\/\\\/diastolegroup.com\\\/?s={search_term_string}\"},\"query-input\":{\"@type\":\"PropertyValueSpecification\",\"valueRequired\":true,\"valueName\":\"search_term_string\"}}],\"inLanguage\":\"en-US\"},{\"@type\":\"Organization\",\"@id\":\"https:\\\/\\\/diastolegroup.com\\\/#organization\",\"name\":\"Di\u00e1stole Comunicaciones\",\"url\":\"https:\\\/\\\/diastolegroup.com\\\/\",\"logo\":{\"@type\":\"ImageObject\",\"inLanguage\":\"en-US\",\"@id\":\"https:\\\/\\\/diastolegroup.com\\\/#\\\/schema\\\/logo\\\/image\\\/\",\"url\":\"https:\\\/\\\/diastolegroup.com\\\/wp-content\\\/uploads\\\/2021\\\/08\\\/Logo-Diastole-Slogan-Blanco-2.png\",\"contentUrl\":\"https:\\\/\\\/diastolegroup.com\\\/wp-content\\\/uploads\\\/2021\\\/08\\\/Logo-Diastole-Slogan-Blanco-2.png\",\"width\":557,\"height\":640,\"caption\":\"Di\u00e1stole Comunicaciones\"},\"image\":{\"@id\":\"https:\\\/\\\/diastolegroup.com\\\/#\\\/schema\\\/logo\\\/image\\\/\"},\"sameAs\":[\"https:\\\/\\\/facebook.com\\\/diastolegroup\",\"https:\\\/\\\/linkedin\\\/company\\\/diastolecomunicaciones\",\"https:\\\/\\\/instagram.com\\\/diastolegroup\"]}]}<\/script>\n<!-- \/ Yoast SEO plugin. -->","yoast_head_json":{"title":"Faq | Di\u00e1stole Comunicaciones","robots":{"index":"index","follow":"follow","max-snippet":"max-snippet:-1","max-image-preview":"max-image-preview:large","max-video-preview":"max-video-preview:-1"},"canonical":"https:\/\/diastolegroup.com\/en\/faq\/","og_locale":"en_US","og_type":"article","og_title":"Faq | Di\u00e1stole Comunicaciones","og_description":"FAQ - Aqu\u00ed podr\u00e1 encontrar algunas de las preguntas que recibimos frecuentemente.","og_url":"https:\/\/diastolegroup.com\/en\/faq\/","og_site_name":"Di\u00e1stole Comunicaciones","article_publisher":"https:\/\/facebook.com\/diastolegroup","article_modified_time":"2021-02-24T23:40:21+00:00","og_image":[{"width":557,"height":640,"url":"https:\/\/diastolegroup.com\/wp-content\/uploads\/2021\/08\/Logo-Diastole-Slogan-Blanco-2.png","type":"image\/png"}],"twitter_card":"summary_large_image","twitter_misc":{"Est. reading time":"9 minutes"},"schema":{"@context":"https:\/\/schema.org","@graph":[{"@type":"WebPage","@id":"https:\/\/diastolegroup.com\/faq\/","url":"https:\/\/diastolegroup.com\/faq\/","name":"Faq | Di\u00e1stole Comunicaciones","isPartOf":{"@id":"https:\/\/diastolegroup.com\/#website"},"datePublished":"2020-09-24T14:46:19+00:00","dateModified":"2021-02-24T23:40:21+00:00","breadcrumb":{"@id":"https:\/\/diastolegroup.com\/faq\/#breadcrumb"},"inLanguage":"en-US","potentialAction":[{"@type":"ReadAction","target":["https:\/\/diastolegroup.com\/faq\/"]}]},{"@type":"BreadcrumbList","@id":"https:\/\/diastolegroup.com\/faq\/#breadcrumb","itemListElement":[{"@type":"ListItem","position":1,"name":"Portada","item":"https:\/\/diastolegroup.com\/"},{"@type":"ListItem","position":2,"name":"Faq"}]},{"@type":"WebSite","@id":"https:\/\/diastolegroup.com\/#website","url":"https:\/\/diastolegroup.com\/","name":"Diastole Communications","description":"Agencia de comunicaciones y marketing.","publisher":{"@id":"https:\/\/diastolegroup.com\/#organization"},"potentialAction":[{"@type":"SearchAction","target":{"@type":"EntryPoint","urlTemplate":"https:\/\/diastolegroup.com\/?s={search_term_string}"},"query-input":{"@type":"PropertyValueSpecification","valueRequired":true,"valueName":"search_term_string"}}],"inLanguage":"en-US"},{"@type":"Organization","@id":"https:\/\/diastolegroup.com\/#organization","name":"Diastole Communications","url":"https:\/\/diastolegroup.com\/","logo":{"@type":"ImageObject","inLanguage":"en-US","@id":"https:\/\/diastolegroup.com\/#\/schema\/logo\/image\/","url":"https:\/\/diastolegroup.com\/wp-content\/uploads\/2021\/08\/Logo-Diastole-Slogan-Blanco-2.png","contentUrl":"https:\/\/diastolegroup.com\/wp-content\/uploads\/2021\/08\/Logo-Diastole-Slogan-Blanco-2.png","width":557,"height":640,"caption":"Di\u00e1stole Comunicaciones"},"image":{"@id":"https:\/\/diastolegroup.com\/#\/schema\/logo\/image\/"},"sameAs":["https:\/\/facebook.com\/diastolegroup","https:\/\/linkedin\/company\/diastolecomunicaciones","https:\/\/instagram.com\/diastolegroup"]}]}},"_links":{"self":[{"href":"https:\/\/diastolegroup.com\/en\/wp-json\/wp\/v2\/pages\/1033","targetHints":{"allow":["GET"]}}],"collection":[{"href":"https:\/\/diastolegroup.com\/en\/wp-json\/wp\/v2\/pages"}],"about":[{"href":"https:\/\/diastolegroup.com\/en\/wp-json\/wp\/v2\/types\/page"}],"author":[{"embeddable":true,"href":"https:\/\/diastolegroup.com\/en\/wp-json\/wp\/v2\/users\/1"}],"replies":[{"embeddable":true,"href":"https:\/\/diastolegroup.com\/en\/wp-json\/wp\/v2\/comments?post=1033"}],"version-history":[{"count":0,"href":"https:\/\/diastolegroup.com\/en\/wp-json\/wp\/v2\/pages\/1033\/revisions"}],"wp:attachment":[{"href":"https:\/\/diastolegroup.com\/en\/wp-json\/wp\/v2\/media?parent=1033"}],"curies":[{"name":"wp","href":"https:\/\/api.w.org\/{rel}","templated":true}]}}